{"id":25857,"date":"2024-02-12T06:59:34","date_gmt":"2024-02-12T06:59:34","guid":{"rendered":"https:\/\/www.uwb.edu\/premajor\/?page_id=25857&#038;preview_id=25857"},"modified":"2024-12-24T18:34:20","modified_gmt":"2024-12-24T18:34:20","slug":"disinformation-demagoguery-democracy","status":"publish","type":"page","link":"https:\/\/www.uwb.edu\/premajor\/first-year\/discovery-core\/spring-dcx\/disinformation-demagoguery-democracy","title":{"rendered":"Disinformation, Demagoguery, &amp; Democracy"},"content":{"rendered":"\n<figure class=\"wp-block-image size-full is-resized\"><img loading=\"lazy\" decoding=\"async\" width=\"761\" height=\"169\" src=\"https:\/\/www.uwb.edu\/premajor\/wp-content\/uploads\/sites\/26\/2024\/02\/news.png\" alt=\"\" class=\"wp-image-25861\" style=\"width:961px;height:auto\" srcset=\"https:\/\/www.uwb.edu\/premajor\/wp-content\/uploads\/sites\/26\/2024\/02\/news.png 761w, https:\/\/www.uwb.edu\/premajor\/wp-content\/uploads\/sites\/26\/2024\/02\/news-300x67.png 300w, https:\/\/www.uwb.edu\/premajor\/wp-content\/uploads\/sites\/26\/2024\/02\/news-600x133.png 600w\" sizes=\"auto, (max-width: 761px) 100vw, 761px\" \/><\/figure>\n\n\n\n<div class=\"wp-block-media-text has-media-on-the-right is-stacked-on-mobile is-vertically-aligned-top\" style=\"grid-template-columns:auto 15%\"><div class=\"wp-block-media-text__content\">\n<h2 class=\"wp-block-heading\">a Discovery Core Experience<\/h2>\n\n\n\n<p>This is a <strong>BCORE 118 (Social Sciences) <\/strong>course<\/p>\n<\/div><figure class=\"wp-block-media-text__media\"><img decoding=\"async\" src=\"https:\/\/www.uwb.edu\/premajor\/wp-content\/uploads\/sites\/26\/2023\/08\/Ssc-with-purple.svg\" alt=\"\" class=\"wp-image-25071 size-full\" \/><\/figure><\/div>\n\n\n\n<h3 class=\"wp-block-heading\">About This Course<\/h3>\n\n\n\n<p>Are vaccines safe? Are our elections secure? How close are we to catastrophic global warming, or is it too late already? Or is global warming a hoax perpetrated by a cabal of scientists and socialists? To what extent do the legacies of Indigenous dispossession and genocide, chattel slavery, Jim Crow, Chinese exclusion, Japanese internment, and racial capitalism more generally, or what\u00a0Ol\u00faf\u1eb9\u0301mi O. T\u00e1\u00edw\u00f2\u00a0calls &#8220;Global Racial Empire,&#8221; shape contemporary society and produce present day disadvantages, inequalities, economic exploitation, political repression, and social marginalization? <\/p>\n\n\n\n<h3 class=\"wp-block-heading\">Who Tells the Truth?<\/h3>\n\n\n\n<p>Does asking these questions constitute evidence that I&#8217;m just another left-wing college instructor inclined toward indoctrinating you into &#8216;woke&#8217; ideologies and socialism? Speaking of which, who can you trust to tell you the truth? Scientists? Medical and public health professionals? College professors? News media? Tiktok influencers? Politicians? Ha! Indeed, what is truth, and how do we know when we&#8217;ve found it, really got our hands on it? You know, the real Truth, not what the lame stream media says, but the hidden truth that people are trying to keep from you? Or should we just not trust anyone? Aren&#8217;t they all lying to you? Aren&#8217;t they all just trying to make a buck or swindle you somehow? Confused? Overwhelmed? Fed up? Exhausted? Should we just ignore it all, check out from society and escape into a virtual world of our choosing? That&#8217;s what they want you to do!<\/p>\n\n\n\n<h3 class=\"wp-block-heading\">What is This Class About?<\/h3>\n\n\n\n<p>Our contemporary media and information ecosystem creates the conditions for widespread propaganda,\u00a0 misinformation, disinformation, conspiracism, demagoguery, corporate BS, and ultimately the creation of what Renee DiResta calls &#8220;bespoke realities,&#8221; that is, a world with no broad consensus on what is real and true and thus a world where you can live in your own curated reality. Or, at least we just feel disoriented, because truth feels elusive and we don&#8217;t know who or what to trust. We need to understand this ecosystem and its problems if we&#8217;re going to address the harms it&#8217;s doing to us. That&#8217;s what this class is about.<\/p>\n\n\n\n<h2 class=\"wp-block-heading\">Professor Ian Porter (he\/him\/his)<\/h2>\n\n\n\n<p>School of Interdisciplinary Arts &amp; Sciences<\/p>\n\n\n\n<div class=\"wp-block-media-text is-stacked-on-mobile is-vertically-aligned-top\" style=\"grid-template-columns:26% auto\"><figure class=\"wp-block-media-text__media\"><img loading=\"lazy\" decoding=\"async\" width=\"275\" height=\"366\" src=\"https:\/\/www.uwb.edu\/premajor\/wp-content\/uploads\/sites\/26\/2023\/08\/ian-professional-picture-Ian-Porter.jpg\" alt=\"\" class=\"wp-image-24932 size-full\" srcset=\"https:\/\/www.uwb.edu\/premajor\/wp-content\/uploads\/sites\/26\/2023\/08\/ian-professional-picture-Ian-Porter.jpg 275w, https:\/\/www.uwb.edu\/premajor\/wp-content\/uploads\/sites\/26\/2023\/08\/ian-professional-picture-Ian-Porter-225x300.jpg 225w\" sizes=\"auto, (max-width: 275px) 100vw, 275px\" \/><\/figure><div class=\"wp-block-media-text__content\">\n<h3 class=\"wp-block-heading\">About Professor Porter <\/h3>\n\n\n\n<p>Ian Porter is a teacher and librarian whose courses focus on the intersection of communication, information, culture, and democracy. In his free time, he loves hanging out with his wife and daughters, eating good food, and listening to good music on Seattle&#8217;s amazing local radio station KEXP.  <\/p>\n\n\n\n<h4 class=\"wp-block-heading\">Contact<\/h4>\n\n\n\n<p>Email: <a href=\"mailto:iporter@uw.edu\">iporter@uw.edu<\/a><\/p>\n<\/div><\/div>\n","protected":false},"excerpt":{"rendered":"<p>a Discovery Core Experience This is a BCORE 118 (Social Sciences) course About This Course Are vaccines safe? Are our elections secure? How close are we to catastrophic global warming, or is it too late already? Or is global warming a hoax perpetrated by a cabal of scientists and socialists? To what extent do the&#8230;<\/p>\n","protected":false},"author":79,"featured_media":0,"parent":6138,"menu_order":7,"comment_status":"open","ping_status":"open","template":"","meta":{"_acf_changed":false,"_is_archived":false,"_archived_contact_email":"","footnotes":""},"class_list":["post-25857","page","type-page","status-publish","hentry"],"acf":{"related_links":{"toggle_visibility":false,"link_1":"","link_2":"","link_3":"","link_4":"","link_5":""},"highlight_box":{"toggle_visibility":false,"title":"","content":"","button":"","button_style":"angled-purple-button","button_screen_reader_text":""},"contact_type_1":{"toggle_visibility":true,"contact_title":"Pre-Major Advising","email":"uwbadvis@uw.edu","phone":"425.352.3427","box":"Box 358563","address_line_1":"18115 Campus Way NE","address_line_2":"Bothell, WA 98011-8246","location":""},"contact_type_2":{"toggle_visibility":false,"contact_title":"","email":"","phone":"","box":"","address_line_1":"","address_line_2":"","location":""},"social_media":{"toggle_visibility":false,"facebook_url":"","instagram_url":"","linkedin_url":"","twitter_url":"","youtube_url":""},"blog_archive_sidebar_visibility":false},"yoast_head":"<!-- This site is optimized with the Yoast SEO plugin v27.0 - https:\/\/yoast.com\/product\/yoast-seo-wordpress\/ -->\n<title>Disinformation, Demagoguery, &amp; Democracy - First Year &amp; Pre-Major Program<\/title>\n<meta name=\"robots\" content=\"index, follow, max-snippet:-1, max-image-preview:large, max-video-preview:-1\" \/>\n<link rel=\"canonical\" href=\"https:\/\/www.uwb.edu\/premajor\/first-year\/discovery-core\/spring-dcx\/disinformation-demagoguery-democracy\" \/>\n<meta property=\"og:locale\" content=\"en_US\" \/>\n<meta property=\"og:type\" content=\"article\" \/>\n<meta property=\"og:title\" content=\"Disinformation, Demagoguery, &amp; Democracy - First Year &amp; Pre-Major Program\" \/>\n<meta property=\"og:description\" content=\"a Discovery Core Experience This is a BCORE 118 (Social Sciences) course About This Course Are vaccines safe? Are our elections secure? How close are we to catastrophic global warming, or is it too late already? Or is global warming a hoax perpetrated by a cabal of scientists and socialists? To what extent do the...\" \/>\n<meta property=\"og:url\" content=\"https:\/\/www.uwb.edu\/premajor\/first-year\/discovery-core\/spring-dcx\/disinformation-demagoguery-democracy\" \/>\n<meta property=\"og:site_name\" content=\"First Year &amp; Pre-Major Program\" \/>\n<meta property=\"article:modified_time\" content=\"2024-12-24T18:34:20+00:00\" \/>\n<meta property=\"og:image\" content=\"https:\/\/www.uwb.edu\/premajor\/wp-content\/uploads\/sites\/26\/2024\/02\/news.png\" \/>\n\t<meta property=\"og:image:width\" content=\"761\" \/>\n\t<meta property=\"og:image:height\" content=\"169\" \/>\n\t<meta property=\"og:image:type\" content=\"image\/png\" \/>\n<meta name=\"twitter:card\" content=\"summary_large_image\" \/>\n<meta name=\"twitter:label1\" content=\"Est. reading time\" \/>\n\t<meta name=\"twitter:data1\" content=\"3 minutes\" \/>\n<script type=\"application\/ld+json\" class=\"yoast-schema-graph\">{\"@context\":\"https:\/\/schema.org\",\"@graph\":[{\"@type\":\"WebPage\",\"@id\":\"https:\/\/www.uwb.edu\/premajor\/first-year\/discovery-core\/spring-dcx\/disinformation-demagoguery-democracy\",\"url\":\"https:\/\/www.uwb.edu\/premajor\/first-year\/discovery-core\/spring-dcx\/disinformation-demagoguery-democracy\",\"name\":\"Disinformation, Demagoguery, &amp; Democracy - First Year &amp; Pre-Major Program\",\"isPartOf\":{\"@id\":\"\/#website\"},\"primaryImageOfPage\":{\"@id\":\"https:\/\/www.uwb.edu\/premajor\/first-year\/discovery-core\/spring-dcx\/disinformation-demagoguery-democracy#primaryimage\"},\"image\":{\"@id\":\"https:\/\/www.uwb.edu\/premajor\/first-year\/discovery-core\/spring-dcx\/disinformation-demagoguery-democracy#primaryimage\"},\"thumbnailUrl\":\"https:\/\/www.uwb.edu\/premajor\/wp-content\/uploads\/sites\/26\/2024\/02\/news.png\",\"datePublished\":\"2024-02-12T06:59:34+00:00\",\"dateModified\":\"2024-12-24T18:34:20+00:00\",\"breadcrumb\":{\"@id\":\"https:\/\/www.uwb.edu\/premajor\/first-year\/discovery-core\/spring-dcx\/disinformation-demagoguery-democracy#breadcrumb\"},\"inLanguage\":\"en-US\",\"potentialAction\":[{\"@type\":\"ReadAction\",\"target\":[\"https:\/\/www.uwb.edu\/premajor\/first-year\/discovery-core\/spring-dcx\/disinformation-demagoguery-democracy\"]}]},{\"@type\":\"ImageObject\",\"inLanguage\":\"en-US\",\"@id\":\"https:\/\/www.uwb.edu\/premajor\/first-year\/discovery-core\/spring-dcx\/disinformation-demagoguery-democracy#primaryimage\",\"url\":\"https:\/\/www.uwb.edu\/premajor\/wp-content\/uploads\/sites\/26\/2024\/02\/news.png\",\"contentUrl\":\"https:\/\/www.uwb.edu\/premajor\/wp-content\/uploads\/sites\/26\/2024\/02\/news.png\",\"width\":761,\"height\":169},{\"@type\":\"BreadcrumbList\",\"@id\":\"https:\/\/www.uwb.edu\/premajor\/first-year\/discovery-core\/spring-dcx\/disinformation-demagoguery-democracy#breadcrumb\",\"itemListElement\":[{\"@type\":\"ListItem\",\"position\":1,\"name\":\"Home\",\"item\":\"https:\/\/www.uwb.edu\/premajor\/\"},{\"@type\":\"ListItem\",\"position\":2,\"name\":\"First Year\",\"item\":\"https:\/\/www.uwb.edu\/premajor\/first-year\"},{\"@type\":\"ListItem\",\"position\":3,\"name\":\"Discovery Core Experience\",\"item\":\"https:\/\/www.uwb.edu\/premajor\/first-year\/discovery-core\"},{\"@type\":\"ListItem\",\"position\":4,\"name\":\"Spring DCX\",\"item\":\"https:\/\/www.uwb.edu\/premajor\/first-year\/discovery-core\/spring-dcx\"},{\"@type\":\"ListItem\",\"position\":5,\"name\":\"Disinformation, Demagoguery, &amp; Democracy\"}]},{\"@type\":\"WebSite\",\"@id\":\"\/#website\",\"url\":\"\/\",\"name\":\"First Year &amp; Pre-Major Program\",\"description\":\"Just another UW Bothell site\",\"potentialAction\":[{\"@type\":\"SearchAction\",\"target\":{\"@type\":\"EntryPoint\",\"urlTemplate\":\"\/?s={search_term_string}\"},\"query-input\":{\"@type\":\"PropertyValueSpecification\",\"valueRequired\":true,\"valueName\":\"search_term_string\"}}],\"inLanguage\":\"en-US\"}]}<\/script>\n<!-- \/ Yoast SEO plugin. -->","yoast_head_json":{"title":"Disinformation, Demagoguery, &amp; Democracy - First Year &amp; Pre-Major Program","robots":{"index":"index","follow":"follow","max-snippet":"max-snippet:-1","max-image-preview":"max-image-preview:large","max-video-preview":"max-video-preview:-1"},"canonical":"https:\/\/www.uwb.edu\/premajor\/first-year\/discovery-core\/spring-dcx\/disinformation-demagoguery-democracy","og_locale":"en_US","og_type":"article","og_title":"Disinformation, Demagoguery, &amp; Democracy - First Year &amp; Pre-Major Program","og_description":"a Discovery Core Experience This is a BCORE 118 (Social Sciences) course About This Course Are vaccines safe? Are our elections secure? How close are we to catastrophic global warming, or is it too late already? Or is global warming a hoax perpetrated by a cabal of scientists and socialists? To what extent do the...","og_url":"https:\/\/www.uwb.edu\/premajor\/first-year\/discovery-core\/spring-dcx\/disinformation-demagoguery-democracy","og_site_name":"First Year &amp; Pre-Major Program","article_modified_time":"2024-12-24T18:34:20+00:00","og_image":[{"width":761,"height":169,"url":"https:\/\/www.uwb.edu\/premajor\/wp-content\/uploads\/sites\/26\/2024\/02\/news.png","type":"image\/png"}],"twitter_card":"summary_large_image","twitter_misc":{"Est. reading time":"3 minutes"},"schema":{"@context":"https:\/\/schema.org","@graph":[{"@type":"WebPage","@id":"https:\/\/www.uwb.edu\/premajor\/first-year\/discovery-core\/spring-dcx\/disinformation-demagoguery-democracy","url":"https:\/\/www.uwb.edu\/premajor\/first-year\/discovery-core\/spring-dcx\/disinformation-demagoguery-democracy","name":"Disinformation, Demagoguery, &amp; Democracy - First Year &amp; Pre-Major Program","isPartOf":{"@id":"\/#website"},"primaryImageOfPage":{"@id":"https:\/\/www.uwb.edu\/premajor\/first-year\/discovery-core\/spring-dcx\/disinformation-demagoguery-democracy#primaryimage"},"image":{"@id":"https:\/\/www.uwb.edu\/premajor\/first-year\/discovery-core\/spring-dcx\/disinformation-demagoguery-democracy#primaryimage"},"thumbnailUrl":"https:\/\/www.uwb.edu\/premajor\/wp-content\/uploads\/sites\/26\/2024\/02\/news.png","datePublished":"2024-02-12T06:59:34+00:00","dateModified":"2024-12-24T18:34:20+00:00","breadcrumb":{"@id":"https:\/\/www.uwb.edu\/premajor\/first-year\/discovery-core\/spring-dcx\/disinformation-demagoguery-democracy#breadcrumb"},"inLanguage":"en-US","potentialAction":[{"@type":"ReadAction","target":["https:\/\/www.uwb.edu\/premajor\/first-year\/discovery-core\/spring-dcx\/disinformation-demagoguery-democracy"]}]},{"@type":"ImageObject","inLanguage":"en-US","@id":"https:\/\/www.uwb.edu\/premajor\/first-year\/discovery-core\/spring-dcx\/disinformation-demagoguery-democracy#primaryimage","url":"https:\/\/www.uwb.edu\/premajor\/wp-content\/uploads\/sites\/26\/2024\/02\/news.png","contentUrl":"https:\/\/www.uwb.edu\/premajor\/wp-content\/uploads\/sites\/26\/2024\/02\/news.png","width":761,"height":169},{"@type":"BreadcrumbList","@id":"https:\/\/www.uwb.edu\/premajor\/first-year\/discovery-core\/spring-dcx\/disinformation-demagoguery-democracy#breadcrumb","itemListElement":[{"@type":"ListItem","position":1,"name":"Home","item":"https:\/\/www.uwb.edu\/premajor\/"},{"@type":"ListItem","position":2,"name":"First Year","item":"https:\/\/www.uwb.edu\/premajor\/first-year"},{"@type":"ListItem","position":3,"name":"Discovery Core Experience","item":"https:\/\/www.uwb.edu\/premajor\/first-year\/discovery-core"},{"@type":"ListItem","position":4,"name":"Spring DCX","item":"https:\/\/www.uwb.edu\/premajor\/first-year\/discovery-core\/spring-dcx"},{"@type":"ListItem","position":5,"name":"Disinformation, Demagoguery, &amp; Democracy"}]},{"@type":"WebSite","@id":"\/#website","url":"\/","name":"First Year &amp; Pre-Major Program","description":"Just another UW Bothell site","potentialAction":[{"@type":"SearchAction","target":{"@type":"EntryPoint","urlTemplate":"\/?s={search_term_string}"},"query-input":{"@type":"PropertyValueSpecification","valueRequired":true,"valueName":"search_term_string"}}],"inLanguage":"en-US"}]}},"_links":{"self":[{"href":"https:\/\/www.uwb.edu\/premajor\/wp-json\/wp\/v2\/pages\/25857","targetHints":{"allow":["GET"]}}],"collection":[{"href":"https:\/\/www.uwb.edu\/premajor\/wp-json\/wp\/v2\/pages"}],"about":[{"href":"https:\/\/www.uwb.edu\/premajor\/wp-json\/wp\/v2\/types\/page"}],"author":[{"embeddable":true,"href":"https:\/\/www.uwb.edu\/premajor\/wp-json\/wp\/v2\/users\/79"}],"replies":[{"embeddable":true,"href":"https:\/\/www.uwb.edu\/premajor\/wp-json\/wp\/v2\/comments?post=25857"}],"version-history":[{"count":4,"href":"https:\/\/www.uwb.edu\/premajor\/wp-json\/wp\/v2\/pages\/25857\/revisions"}],"predecessor-version":[{"id":26461,"href":"https:\/\/www.uwb.edu\/premajor\/wp-json\/wp\/v2\/pages\/25857\/revisions\/26461"}],"up":[{"embeddable":true,"href":"https:\/\/www.uwb.edu\/premajor\/wp-json\/wp\/v2\/pages\/6138"}],"wp:attachment":[{"href":"https:\/\/www.uwb.edu\/premajor\/wp-json\/wp\/v2\/media?parent=25857"}],"curies":[{"name":"wp","href":"https:\/\/api.w.org\/{rel}","templated":true}]}}