{"id":5164,"date":"2010-04-02T10:27:24","date_gmt":"2010-04-02T10:27:24","guid":{"rendered":"http:\/\/www.uwb.edu\/?p=5164"},"modified":"2026-02-02T09:48:04","modified_gmt":"2026-02-02T17:48:04","slug":"alka-kurian","status":"publish","type":"page","link":"https:\/\/www.uwb.edu\/ias\/faculty-and-staff\/alka-kurian","title":{"rendered":"Alka Kurian"},"content":{"rendered":"\n<h2 class=\"wp-block-heading\">Teaching Professor<\/h2>\n\n\n\n<figure class=\"wp-block-image size-full is-resized\"><img loading=\"lazy\" decoding=\"async\" width=\"234\" height=\"235\" src=\"https:\/\/www.uwb.edu\/ias\/wp-content\/uploads\/sites\/30\/2023\/06\/IAS-Faculty-Alka-Kurian-Square.jpg\" alt=\"Alka Kurian\" class=\"wp-image-27733\" style=\"width:200px;height:200px\" srcset=\"https:\/\/www.uwb.edu\/ias\/wp-content\/uploads\/sites\/30\/2023\/06\/IAS-Faculty-Alka-Kurian-Square.jpg 234w, https:\/\/www.uwb.edu\/ias\/wp-content\/uploads\/sites\/30\/2023\/06\/IAS-Faculty-Alka-Kurian-Square-150x150.jpg 150w, https:\/\/www.uwb.edu\/ias\/wp-content\/uploads\/sites\/30\/2023\/06\/IAS-Faculty-Alka-Kurian-Square-125x125.jpg 125w\" sizes=\"auto, (max-width: 234px) 100vw, 234px\" \/><\/figure>\n\n\n\n<div style=\"height:30px\" aria-hidden=\"true\" class=\"wp-block-spacer\"><\/div>\n\n\n\n<p class=\"is-style-highlight-paragraph-grey-background\">M.A. M.Phil., French, Jawaharlal Nehru University, New Delhi, India<br>Maitrise, French, Universit\u00e9 Stendhal, Grenoble, France<br>Ph.D. Film and Cultural Studies, University of Sunderland, UK<\/p>\n\n\n\n<h2 class=\"wp-block-heading\">Teaching<\/h2>\n\n\n\n<p>I teach a range of courses that focus on film, media, gender studies, and the human rights discourse. My background is in South Asian diasporic film and literature where I examine the politics of representation of the issues of race, ethnicity, gender, identity, sexuality, politics, religion, neo-colonialism, and globalization.<br>\n<br>\nThe focus of my teaching and is in unraveling a specific form of post-colonial gendered cinema where the cinematic narrative is viewed as an act of political engagement with the world and a site of feminist struggle. I am interested in South Asian oppositional cinematic narratives (non-mainstream, documentary, or experimental) with the view to understanding the everyday struggles of women and identify the development of their political consciousness. My interest in alternative cinematic practices of South Asia is closely allied to my fascination with the representational politics of Bollywood, a major cultural site in India that produces, perpetuates, circulates and problematizes dominant ideology both at home and within the South Asian diaspora. Central to my teaching is transnational feminist film and media practices located in the Middle East, Africa, Europe, and North America where I stress the significance of an interdisciplinary approach to understanding the cinemas of border, displacement, and migration. And finally, my teaching also takes on board a historical understanding of national and international feminist theories, a critical exploration of the interlocking system of global hierarchies of power and oppression, and an examination of resistance strategies put in place by contemporary feminist movements envisioning a just and equitable world.<\/p>\n\n\n\n<h2 class=\"wp-block-heading\">Recent Courses Taught<\/h2>\n\n\n\n<p>BIS300 Interdisciplinary Inquiry<br>BIS224 Introduction to Feminist Studies<br>BIS324 Gender, Human Rights and Global Cinema<br>BISCLA380 World Literatures<br>BISGWS301 Critical Gender and Sexuality Studies<br>BIS466 Human Rights and Resistance<br>BIS480 Gender, Culture, and Human Rights: Study Abroad in India<\/p>\n\n\n\n<h2 class=\"wp-block-heading\">Research\/Scholarship<\/h2>\n\n\n\n<p>My research interests center on gender studies, digital feminism in the Global South, feminist politics in South Asia, gender and cinema, world literature, and cinemas of opposition, border, and of displacement.<\/p>\n\n\n\n<p>I host the podcast South Asian Films and Books and have recently founded TRASAL (Traveling South Asian LitFest)<\/p>\n\n\n\n<p>I was a Fulbright US Scholar to Morocco in 2021.<\/p>\n\n\n\n<h2 class=\"wp-block-heading\">Selected Publications<\/h2>\n\n\n\n<h3 class=\"wp-block-heading\">Books<\/h3>\n\n\n\n<ul class=\"wp-block-list\">\n<li>Narratives of Gendered Dissent in South Asian Cinemas (2014), New York: Routledge (Taylor and Francis group)<\/li>\n\n\n\n<li>New Feminisms in South Asia: Disrupting the Discourse through Social Media, Film, and Literature (co-edited) (2017) New York: Routledge (Taylor and Francis)<\/li>\n<\/ul>\n\n\n\n<h3 class=\"wp-block-heading\">Book Chapters<\/h3>\n\n\n\n<ul class=\"wp-block-list\">\n<li>&#8220;Social Media-Led Fourth Wave Feminism in Morocco.\u201d (co-authored) Handbook of Media and Culture in the Middle East. Wiley and the International Association for Media and Communication Research. 2023<\/li>\n\n\n\n<li>\u201cBad Girls of Pinjra Tod,\u201d in Subramanian (Ed.) Carceral Liberalism, University of Illinois Press. 2022<\/li>\n\n\n\n<li>\u201cFilms, Web Series, and the Feminist Fourth Wave: Alankrita Shrivastava\u2019s Bombay Begums and Dolly Kitty Aur Voh Chamakte Sitare,\u201d Synergies Inde publi\u00e9e et \u00e9dit\u00e9e par le GERFLINT, 2022<\/li>\n\n\n\n<li>\u201cSiren Song: Understanding Pakistan through Its Women Singers,\u201d F. A. Khan, Pakistan, OUP, in Fatima Sadiqi, Journal of African Gender Studies, Indiana University Press. 2023<\/li>\n\n\n\n<li>\u201cGender, War, and Resistance: A case of Kashmir,\u201d (2021) in Chowdhury and Niyogi (Eds) South Asian Filmscapes: Transregional Encounters, University of Washington. <\/li>\n\n\n\n<li>\u201cGender and Indian Cinema: Continuation and Change,\u201d (2018) in Lal and Panda (Eds.) (2nd ed.)  Signifying the Self: Women and Literature, Macmillan. <\/li>\n\n\n\n<li>\u201cDecolonizing the Body: Fourth Wave Feminism in India,\u201d in Kurian and Jha (Eds.) (2017) New Feminisms in South Asia: Disrupting the Discourse Through Social Media, Film and Literature, New York: Routledge. <\/li>\n\n\n\n<li>\u201cSolidarity Through Dissidence: Violence and Community in Indian Cinema\u201d (2016) in Elora Chowdhury and L. Philipose (Eds.), Dissident Friendships: Imperialism, Feminism and Transnational Solidarity, University of Illinois Press.<\/li>\n\n\n\n<li>\u201cPostcolonial Transgression in Deepa Mehta\u2019s Feminist Quartet\u201d (2016) in Viswamohan, Aysha Iqbal &amp; John, Vimal Mohan (Eds.). Behind the Scenes: Contemporary Bollywood Directors and their Cinema. London, NY &amp; New Delhi: Sage<\/li>\n<\/ul>\n","protected":false},"excerpt":{"rendered":"<p>Teaching Professor M.A. M.Phil., French, Jawaharlal Nehru University, New Delhi, IndiaMaitrise, French, Universit\u00e9 Stendhal, Grenoble, FrancePh.D. Film and Cultural Studies, University of Sunderland, UK Teaching I teach a range of courses that focus on film, media, gender studies, and the human rights discourse. My background is in South Asian diasporic film and literature where I&#8230;<\/p>\n","protected":false},"author":6,"featured_media":0,"parent":1254,"menu_order":20,"comment_status":"open","ping_status":"open","template":"","meta":{"_acf_changed":false,"_is_archived":false,"_archived_contact_email":"","footnotes":""},"class_list":["post-5164","page","type-page","status-publish","hentry"],"acf":{"related_links":{"toggle_visibility":false,"link_1":"","link_2":"","link_3":"","link_4":"","link_5":""},"highlight_box":{"toggle_visibility":false,"title":"","content":"","button":"","button_style":"angled-purple-button","button_screen_reader_text":""},"contact_type_1":{"toggle_visibility":true,"contact_title":"School of Interdisciplinary Arts &amp; Sciences","email":"iasinfo@uw.edu","phone":"425.352.5350","box":"Box 358530","address_line_1":"18115 Campus Way NE","address_line_2":"Bothell, WA 98011-8246","location":""},"contact_type_2":{"toggle_visibility":false,"contact_title":"","email":"","phone":"","box":"","address_line_1":"","address_line_2":"","location":""},"social_media":{"toggle_visibility":false,"facebook_url":"","instagram_url":"","linkedin_url":"","twitter_url":"","youtube_url":""},"blog_archive_sidebar_visibility":false},"yoast_head":"<!-- This site is optimized with the Yoast SEO plugin v27.0 - https:\/\/yoast.com\/product\/yoast-seo-wordpress\/ -->\n<title>Alka Kurian - School of Interdisciplinary Arts &amp; Sciences<\/title>\n<meta name=\"robots\" content=\"index, follow, max-snippet:-1, max-image-preview:large, max-video-preview:-1\" \/>\n<link rel=\"canonical\" href=\"https:\/\/www.uwb.edu\/ias\/faculty-and-staff\/alka-kurian\" \/>\n<meta property=\"og:locale\" content=\"en_US\" \/>\n<meta property=\"og:type\" content=\"article\" \/>\n<meta property=\"og:title\" content=\"Alka Kurian - School of Interdisciplinary Arts &amp; Sciences\" \/>\n<meta property=\"og:description\" content=\"Teaching Professor M.A. M.Phil., French, Jawaharlal Nehru University, New Delhi, IndiaMaitrise, French, Universit\u00e9 Stendhal, Grenoble, FrancePh.D. Film and Cultural Studies, University of Sunderland, UK Teaching I teach a range of courses that focus on film, media, gender studies, and the human rights discourse. My background is in South Asian diasporic film and literature where I...\" \/>\n<meta property=\"og:url\" content=\"https:\/\/www.uwb.edu\/ias\/faculty-and-staff\/alka-kurian\" \/>\n<meta property=\"og:site_name\" content=\"School of Interdisciplinary Arts &amp; Sciences\" \/>\n<meta property=\"article:modified_time\" content=\"2026-02-02T17:48:04+00:00\" \/>\n<meta property=\"og:image\" content=\"https:\/\/www.uwb.edu\/ias\/wp-content\/uploads\/sites\/30\/2023\/06\/IAS-Faculty-Alka-Kurian-Square.jpg\" \/>\n\t<meta property=\"og:image:width\" content=\"234\" \/>\n\t<meta property=\"og:image:height\" content=\"235\" \/>\n\t<meta property=\"og:image:type\" content=\"image\/jpeg\" \/>\n<meta name=\"twitter:card\" content=\"summary_large_image\" \/>\n<meta name=\"twitter:label1\" content=\"Est. reading time\" \/>\n\t<meta name=\"twitter:data1\" content=\"4 minutes\" \/>\n<script type=\"application\/ld+json\" class=\"yoast-schema-graph\">{\"@context\":\"https:\/\/schema.org\",\"@graph\":[{\"@type\":\"WebPage\",\"@id\":\"https:\/\/www.uwb.edu\/ias\/faculty-and-staff\/alka-kurian\",\"url\":\"https:\/\/www.uwb.edu\/ias\/faculty-and-staff\/alka-kurian\",\"name\":\"Alka Kurian - School of Interdisciplinary Arts &amp; Sciences\",\"isPartOf\":{\"@id\":\"\/#website\"},\"primaryImageOfPage\":{\"@id\":\"https:\/\/www.uwb.edu\/ias\/faculty-and-staff\/alka-kurian#primaryimage\"},\"image\":{\"@id\":\"https:\/\/www.uwb.edu\/ias\/faculty-and-staff\/alka-kurian#primaryimage\"},\"thumbnailUrl\":\"https:\/\/www.uwb.edu\/ias\/wp-content\/uploads\/sites\/30\/2023\/06\/IAS-Faculty-Alka-Kurian-Square.jpg\",\"datePublished\":\"2010-04-02T10:27:24+00:00\",\"dateModified\":\"2026-02-02T17:48:04+00:00\",\"breadcrumb\":{\"@id\":\"https:\/\/www.uwb.edu\/ias\/faculty-and-staff\/alka-kurian#breadcrumb\"},\"inLanguage\":\"en-US\",\"potentialAction\":[{\"@type\":\"ReadAction\",\"target\":[\"https:\/\/www.uwb.edu\/ias\/faculty-and-staff\/alka-kurian\"]}]},{\"@type\":\"ImageObject\",\"inLanguage\":\"en-US\",\"@id\":\"https:\/\/www.uwb.edu\/ias\/faculty-and-staff\/alka-kurian#primaryimage\",\"url\":\"https:\/\/www.uwb.edu\/ias\/wp-content\/uploads\/sites\/30\/2023\/06\/IAS-Faculty-Alka-Kurian-Square.jpg\",\"contentUrl\":\"https:\/\/www.uwb.edu\/ias\/wp-content\/uploads\/sites\/30\/2023\/06\/IAS-Faculty-Alka-Kurian-Square.jpg\",\"width\":234,\"height\":235},{\"@type\":\"BreadcrumbList\",\"@id\":\"https:\/\/www.uwb.edu\/ias\/faculty-and-staff\/alka-kurian#breadcrumb\",\"itemListElement\":[{\"@type\":\"ListItem\",\"position\":1,\"name\":\"Home\",\"item\":\"https:\/\/www.uwb.edu\/ias\/\"},{\"@type\":\"ListItem\",\"position\":2,\"name\":\"Faculty &amp; staff\",\"item\":\"https:\/\/www.uwb.edu\/ias\/faculty-and-staff\"},{\"@type\":\"ListItem\",\"position\":3,\"name\":\"Alka Kurian\"}]},{\"@type\":\"WebSite\",\"@id\":\"\/#website\",\"url\":\"\/\",\"name\":\"School of Interdisciplinary Arts &amp; Sciences\",\"description\":\"Just another UW Bothell site\",\"potentialAction\":[{\"@type\":\"SearchAction\",\"target\":{\"@type\":\"EntryPoint\",\"urlTemplate\":\"\/?s={search_term_string}\"},\"query-input\":{\"@type\":\"PropertyValueSpecification\",\"valueRequired\":true,\"valueName\":\"search_term_string\"}}],\"inLanguage\":\"en-US\"}]}<\/script>\n<!-- \/ Yoast SEO plugin. -->","yoast_head_json":{"title":"Alka Kurian - School of Interdisciplinary Arts &amp; Sciences","robots":{"index":"index","follow":"follow","max-snippet":"max-snippet:-1","max-image-preview":"max-image-preview:large","max-video-preview":"max-video-preview:-1"},"canonical":"https:\/\/www.uwb.edu\/ias\/faculty-and-staff\/alka-kurian","og_locale":"en_US","og_type":"article","og_title":"Alka Kurian - School of Interdisciplinary Arts &amp; Sciences","og_description":"Teaching Professor M.A. M.Phil., French, Jawaharlal Nehru University, New Delhi, IndiaMaitrise, French, Universit\u00e9 Stendhal, Grenoble, FrancePh.D. Film and Cultural Studies, University of Sunderland, UK Teaching I teach a range of courses that focus on film, media, gender studies, and the human rights discourse. My background is in South Asian diasporic film and literature where I...","og_url":"https:\/\/www.uwb.edu\/ias\/faculty-and-staff\/alka-kurian","og_site_name":"School of Interdisciplinary Arts &amp; Sciences","article_modified_time":"2026-02-02T17:48:04+00:00","og_image":[{"width":234,"height":235,"url":"https:\/\/www.uwb.edu\/ias\/wp-content\/uploads\/sites\/30\/2023\/06\/IAS-Faculty-Alka-Kurian-Square.jpg","type":"image\/jpeg"}],"twitter_card":"summary_large_image","twitter_misc":{"Est. reading time":"4 minutes"},"schema":{"@context":"https:\/\/schema.org","@graph":[{"@type":"WebPage","@id":"https:\/\/www.uwb.edu\/ias\/faculty-and-staff\/alka-kurian","url":"https:\/\/www.uwb.edu\/ias\/faculty-and-staff\/alka-kurian","name":"Alka Kurian - School of Interdisciplinary Arts &amp; Sciences","isPartOf":{"@id":"\/#website"},"primaryImageOfPage":{"@id":"https:\/\/www.uwb.edu\/ias\/faculty-and-staff\/alka-kurian#primaryimage"},"image":{"@id":"https:\/\/www.uwb.edu\/ias\/faculty-and-staff\/alka-kurian#primaryimage"},"thumbnailUrl":"https:\/\/www.uwb.edu\/ias\/wp-content\/uploads\/sites\/30\/2023\/06\/IAS-Faculty-Alka-Kurian-Square.jpg","datePublished":"2010-04-02T10:27:24+00:00","dateModified":"2026-02-02T17:48:04+00:00","breadcrumb":{"@id":"https:\/\/www.uwb.edu\/ias\/faculty-and-staff\/alka-kurian#breadcrumb"},"inLanguage":"en-US","potentialAction":[{"@type":"ReadAction","target":["https:\/\/www.uwb.edu\/ias\/faculty-and-staff\/alka-kurian"]}]},{"@type":"ImageObject","inLanguage":"en-US","@id":"https:\/\/www.uwb.edu\/ias\/faculty-and-staff\/alka-kurian#primaryimage","url":"https:\/\/www.uwb.edu\/ias\/wp-content\/uploads\/sites\/30\/2023\/06\/IAS-Faculty-Alka-Kurian-Square.jpg","contentUrl":"https:\/\/www.uwb.edu\/ias\/wp-content\/uploads\/sites\/30\/2023\/06\/IAS-Faculty-Alka-Kurian-Square.jpg","width":234,"height":235},{"@type":"BreadcrumbList","@id":"https:\/\/www.uwb.edu\/ias\/faculty-and-staff\/alka-kurian#breadcrumb","itemListElement":[{"@type":"ListItem","position":1,"name":"Home","item":"https:\/\/www.uwb.edu\/ias\/"},{"@type":"ListItem","position":2,"name":"Faculty &amp; staff","item":"https:\/\/www.uwb.edu\/ias\/faculty-and-staff"},{"@type":"ListItem","position":3,"name":"Alka Kurian"}]},{"@type":"WebSite","@id":"\/#website","url":"\/","name":"School of Interdisciplinary Arts &amp; Sciences","description":"Just another UW Bothell site","potentialAction":[{"@type":"SearchAction","target":{"@type":"EntryPoint","urlTemplate":"\/?s={search_term_string}"},"query-input":{"@type":"PropertyValueSpecification","valueRequired":true,"valueName":"search_term_string"}}],"inLanguage":"en-US"}]}},"_links":{"self":[{"href":"https:\/\/www.uwb.edu\/ias\/wp-json\/wp\/v2\/pages\/5164","targetHints":{"allow":["GET"]}}],"collection":[{"href":"https:\/\/www.uwb.edu\/ias\/wp-json\/wp\/v2\/pages"}],"about":[{"href":"https:\/\/www.uwb.edu\/ias\/wp-json\/wp\/v2\/types\/page"}],"author":[{"embeddable":true,"href":"https:\/\/www.uwb.edu\/ias\/wp-json\/wp\/v2\/users\/6"}],"replies":[{"embeddable":true,"href":"https:\/\/www.uwb.edu\/ias\/wp-json\/wp\/v2\/comments?post=5164"}],"version-history":[{"count":11,"href":"https:\/\/www.uwb.edu\/ias\/wp-json\/wp\/v2\/pages\/5164\/revisions"}],"predecessor-version":[{"id":33611,"href":"https:\/\/www.uwb.edu\/ias\/wp-json\/wp\/v2\/pages\/5164\/revisions\/33611"}],"up":[{"embeddable":true,"href":"https:\/\/www.uwb.edu\/ias\/wp-json\/wp\/v2\/pages\/1254"}],"wp:attachment":[{"href":"https:\/\/www.uwb.edu\/ias\/wp-json\/wp\/v2\/media?parent=5164"}],"curies":[{"name":"wp","href":"https:\/\/api.w.org\/{rel}","templated":true}]}}